{"id":274,"date":"2015-05-07T16:16:10","date_gmt":"2015-05-07T14:16:10","guid":{"rendered":"http:\/\/avacplast.se\/?page_id=274"},"modified":"2015-05-08T09:34:05","modified_gmt":"2015-05-08T07:34:05","slug":"tom-sida","status":"publish","type":"page","link":"https:\/\/avacplast.se\/en\/tom-sida\/","title":{"rendered":"Tom sida"},"content":{"rendered":"<p>H\u00e4r kan ni l\u00e4gga in br\u00f6dtext.<\/p>\n","protected":false},"excerpt":{"rendered":"<p>H\u00e4r kan ni l\u00e4gga in br\u00f6dtext.<\/p>\n","protected":false},"author":1,"featured_media":0,"parent":0,"menu_order":0,"comment_status":"closed","ping_status":"closed","template":"page_1.php","meta":{"_acf_changed":false,"footnotes":""},"acf":[],"yoast_head":"<!-- This site is optimized with the Yoast SEO plugin v22.1 - https:\/\/yoast.com\/wordpress\/plugins\/seo\/ -->\n<title>Tom sida - Avac Plast<\/title>\n<meta name=\"robots\" content=\"index, follow, max-snippet:-1, max-image-preview:large, max-video-preview:-1\" \/>\n<link rel=\"canonical\" href=\"https:\/\/avacplast.se\/en\/tom-sida\/\" \/>\n<meta property=\"og:locale\" content=\"en_US\" \/>\n<meta property=\"og:type\" content=\"article\" \/>\n<meta property=\"og:title\" content=\"Tom sida - Avac Plast\" \/>\n<meta property=\"og:description\" content=\"H\u00e4r kan ni l\u00e4gga in br\u00f6dtext.\" \/>\n<meta property=\"og:url\" content=\"https:\/\/avacplast.se\/en\/tom-sida\/\" \/>\n<meta property=\"og:site_name\" content=\"Avac Plast\" \/>\n<meta property=\"article:modified_time\" content=\"2015-05-08T07:34:05+00:00\" \/>\n<meta name=\"twitter:card\" content=\"summary_large_image\" \/>\n<script type=\"application\/ld+json\" class=\"yoast-schema-graph\">{\"@context\":\"https:\/\/schema.org\",\"@graph\":[{\"@type\":\"WebPage\",\"@id\":\"https:\/\/avacplast.se\/en\/tom-sida\/\",\"url\":\"https:\/\/avacplast.se\/en\/tom-sida\/\",\"name\":\"Tom sida - Avac Plast\",\"isPartOf\":{\"@id\":\"http:\/\/avacplast.se\/#website\"},\"datePublished\":\"2015-05-07T14:16:10+00:00\",\"dateModified\":\"2015-05-08T07:34:05+00:00\",\"breadcrumb\":{\"@id\":\"https:\/\/avacplast.se\/en\/tom-sida\/#breadcrumb\"},\"inLanguage\":\"en-US\",\"potentialAction\":[{\"@type\":\"ReadAction\",\"target\":[\"https:\/\/avacplast.se\/en\/tom-sida\/\"]}]},{\"@type\":\"BreadcrumbList\",\"@id\":\"https:\/\/avacplast.se\/en\/tom-sida\/#breadcrumb\",\"itemListElement\":[{\"@type\":\"ListItem\",\"position\":1,\"name\":\"Hem\",\"item\":\"http:\/\/avacplast.se\/\"},{\"@type\":\"ListItem\",\"position\":2,\"name\":\"Tom sida\"}]},{\"@type\":\"WebSite\",\"@id\":\"http:\/\/avacplast.se\/#website\",\"url\":\"http:\/\/avacplast.se\/\",\"name\":\"Avac Plast\",\"description\":\"\",\"potentialAction\":[{\"@type\":\"SearchAction\",\"target\":{\"@type\":\"EntryPoint\",\"urlTemplate\":\"http:\/\/avacplast.se\/?s={search_term_string}\"},\"query-input\":\"required name=search_term_string\"}],\"inLanguage\":\"en-US\"}]}<\/script>\n<!-- \/ Yoast SEO plugin. -->","yoast_head_json":{"title":"Tom sida - Avac Plast","robots":{"index":"index","follow":"follow","max-snippet":"max-snippet:-1","max-image-preview":"max-image-preview:large","max-video-preview":"max-video-preview:-1"},"canonical":"https:\/\/avacplast.se\/en\/tom-sida\/","og_locale":"en_US","og_type":"article","og_title":"Tom sida - Avac Plast","og_description":"H\u00e4r kan ni l\u00e4gga in br\u00f6dtext.","og_url":"https:\/\/avacplast.se\/en\/tom-sida\/","og_site_name":"Avac Plast","article_modified_time":"2015-05-08T07:34:05+00:00","twitter_card":"summary_large_image","schema":{"@context":"https:\/\/schema.org","@graph":[{"@type":"WebPage","@id":"https:\/\/avacplast.se\/en\/tom-sida\/","url":"https:\/\/avacplast.se\/en\/tom-sida\/","name":"Tom sida - Avac Plast","isPartOf":{"@id":"http:\/\/avacplast.se\/#website"},"datePublished":"2015-05-07T14:16:10+00:00","dateModified":"2015-05-08T07:34:05+00:00","breadcrumb":{"@id":"https:\/\/avacplast.se\/en\/tom-sida\/#breadcrumb"},"inLanguage":"en-US","potentialAction":[{"@type":"ReadAction","target":["https:\/\/avacplast.se\/en\/tom-sida\/"]}]},{"@type":"BreadcrumbList","@id":"https:\/\/avacplast.se\/en\/tom-sida\/#breadcrumb","itemListElement":[{"@type":"ListItem","position":1,"name":"Hem","item":"http:\/\/avacplast.se\/"},{"@type":"ListItem","position":2,"name":"Tom sida"}]},{"@type":"WebSite","@id":"http:\/\/avacplast.se\/#website","url":"http:\/\/avacplast.se\/","name":"Avac Plast","description":"","potentialAction":[{"@type":"SearchAction","target":{"@type":"EntryPoint","urlTemplate":"http:\/\/avacplast.se\/?s={search_term_string}"},"query-input":"required name=search_term_string"}],"inLanguage":"en-US"}]}},"_links":{"self":[{"href":"https:\/\/avacplast.se\/en\/wp-json\/wp\/v2\/pages\/274"}],"collection":[{"href":"https:\/\/avacplast.se\/en\/wp-json\/wp\/v2\/pages"}],"about":[{"href":"https:\/\/avacplast.se\/en\/wp-json\/wp\/v2\/types\/page"}],"author":[{"embeddable":true,"href":"https:\/\/avacplast.se\/en\/wp-json\/wp\/v2\/users\/1"}],"replies":[{"embeddable":true,"href":"https:\/\/avacplast.se\/en\/wp-json\/wp\/v2\/comments?post=274"}],"version-history":[{"count":1,"href":"https:\/\/avacplast.se\/en\/wp-json\/wp\/v2\/pages\/274\/revisions"}],"predecessor-version":[{"id":275,"href":"https:\/\/avacplast.se\/en\/wp-json\/wp\/v2\/pages\/274\/revisions\/275"}],"wp:attachment":[{"href":"https:\/\/avacplast.se\/en\/wp-json\/wp\/v2\/media?parent=274"}],"curies":[{"name":"wp","href":"https:\/\/api.w.org\/{rel}","templated":true}]}}